{"id":121,"date":"2018-11-17T14:41:14","date_gmt":"2018-11-17T13:41:14","guid":{"rendered":"http:\/\/daero-backup.azurewebsites.net\/?page_id=121"},"modified":"2019-04-04T19:25:41","modified_gmt":"2019-04-04T17:25:41","slug":"impressum","status":"publish","type":"page","link":"https:\/\/www.daero-backup.de\/index.php\/impressum\/","title":{"rendered":"Impressum"},"content":{"rendered":"\n<h3>Angaben gem. \u00a7 5 TMG:<\/h3>\n<p>Rossmann, Thomas<br>\nDAERO GmbH Business Software<br>\nBeim Wendelstein 11b<br>\n85238 Petershausen<\/p><br>\n\n<h4>Kontaktaufnahme:<\/h4>\n<p>Telefon:  +49(0)8137 \/ 996 2273<br>\nE-Mail: tr@daero.de (alt.: mk@kemanc.de)<\/p><br>\n\n<h4>Umsatzsteuer-Identifikationsnummer gem. \u00a7 27 a Umsatzsteuergesetz:<\/h4>\n<p> DE 813 897 541<\/p><br>\n\n<h4>Handelsregistereintrag:<\/h4> \n<p>Amtsgericht M\u00fcnchen HRB 150966<\/p><br>\n\n<h3>Haftungsausschluss:<\/h3>\n<h4>Haftung f\u00fcr Inhalte:<\/h4>\n<p>F\u00fcr die Richtigkeit, Vollst\u00e4ndigkeit und Aktualit\u00e4t der Inhalte \u00fcbernehmen wir keine Gew\u00e4hr. Der Inhalt der Seite ist jedoch nach unserem besten Wissen und Gewissen erstellt worden. Als Diensteanbieter tragen wir gem\u00e4\u00df \u00a7 7 Abs.1 TMG die Verantwortung f\u00fcr eigene Inhalte auf diesen Seiten nach den allgemein g\u00fcltigen Gesetzen und verpflichten uns nach diesen zu handeln. Nach \u00a7\u00a7 8 bis 10 TMG besteht f\u00fcr uns als Dienstanbieter aber keine Verpflichtung, \u00fcbermittelte oder gespeicherte fremde Informationen zu \u00fcberwachen oder nach Umst\u00e4nden zu forschen, die auf eine rechtswidrige T\u00e4tigkeit hinweisen. Verpflichtungen zur Entfernung oder Sperrung der Nutzung von Informationen nach den allgemeinen Gesetzen bleiben hiervon unber\u00fchrt. Sollten wir dar\u00fcber Kenntnis erlangen, sehen wir es als unsere Plicht, diese \u00c4nderungen unverz\u00fcglich vorzunehmen.<\/p>\n\n<p>Eine diesbez\u00fcgliche Haftung ist somit auch erst ab dem Zeitpunkt der Kenntniserlangung einer konkreten Rechtsverletzung m\u00f6glich, sollten die \u00c4nderungen nicht unverz\u00fcglich vorgenommen werden. Bei Bekanntwerden von den o.g. Rechtsverletzungen werden wir diese Inhalte, wie bereits oben erw\u00e4hnt, unverz\u00fcglich entfernen.<\/p><br>\n\n \n<h4>Haftungsbeschr\u00e4nkung f\u00fcr externe Links:<\/h4>\n\n \n\n<p>Unsere Webseite enth\u00e4lt Links auf externe Webseiten Dritter, darunter auch Social Media Verlinkungen. Auf Inhalte dieser indirekt oder direkt verlinkten Webseiten k\u00f6nnen wir keinen Einfluss nehmen. Daher f\u00fchlen wir uns auch nicht verpflichtet Gew\u00e4hr f\u00fcr die Richtigkeit der Inhalte verlinkter Webseiten zu \u00fcbernehmen. F\u00fcr die Inhalte der verlinkten Webseiten und deren Richtigkeit sind der jeweilige Anbieter oder Betreiber (Urheber) der Seiten verantwortlich. <\/p>\n\n<p>Bei Verlinkungen zu externen Webseiten wurden die verlinkten Webseiten zum Zeitpunkt der Verlinkung auf eventuelle Rechtsverst\u00f6\u00dfe \u00fcberpr\u00fcft und waren zum Zeitpunkt der Verlinkung frei von f\u00fcr uns erkennbaren rechtswidrigen Inhalten. Eine st\u00e4ndige und anhaltende inhaltliche \u00dcberpr\u00fcfung der externen Webseiten ist ohne konkrete Hinweise auf eine Rechtsverletzung nicht m\u00f6glich und somit auch nicht als Verpflichtung unsererseits angesehen. Eine Haftungsverpflichtung f\u00fcr die Inhalte auf indirekt oder direkt verlinkten Webseiten Dritter, die au\u00dferhalb unseres Verantwortungsbereichs liegen, best\u00fcnde nur, wenn wir Kenntnis von rechtswidrigen Inhalten erlangen, diese erkennen k\u00f6nnten und es uns technisch m\u00f6glich und zumutbar w\u00e4re, die Nutzung im Falle rechtswidriger Inhalte zu verhindern. Besteht diese Haftungsverpflichtung so sehen wir uns in der Pflicht, n\u00f6tige \u00c4nderungen unverz\u00fcglich durchzuf\u00fchren, um die Sicherheit der Nutzer unserer Webpr\u00e4senz zu gew\u00e4hrleisten.<\/p>\n\n<p>Der oben aufgef\u00fchrte Haftungsausschluss gilt auch innerhalb des eigenen Internetauftrittes unter https:\/\/daero-backup.de, sowie deren Unterseiten, falls betroffene Verlinkungen oder Inhalte von G\u00e4sten unserer Webseite im Kontaktbereich, Empfehlungsabschnitt oder in Form eines Kommentars zu einem bestehenden Beitrag hinterlassen wurden . F\u00fcr illegale, fehlerhafte oder unvollst\u00e4ndige Inhalte und insbesondere f\u00fcr Sch\u00e4den, die aus der Nutzung oder Nichtnutzung solcherart dargestellten Informationen entstehen, haftet im Falle einer Verlinkung oder Referenz auf Inhalte eines abweichenden Anbieters allein der Diensteanbieter der Seite, auf welche sich der Inhalt bezieht beziehungsweise zu welcher die Verlinkung f\u00fchrt, nicht derjenige, der \u00fcber Links auf die jeweilige Ver\u00f6ffentlichung lediglich verweist. Sollte keine Verlinkung bzw. Referenz zu anderen Urhebern bestehen, so haftet der Erstller des Inhalts als eindeutiger Urheber.<\/p>\n\n<p>Werden uns Rechtsverletzungen bekannt, werden sowohl die Verlinkungen zu externen Webseiten als auch rechtswidrige Inhalte auf unserer Webpr\u00e4senz durch uns unverz\u00fcglich entfernt.<\/p><br>\n \n\n<h3>Urheberrecht:<\/h3>\n\n <p>Inhalte und intellektuelle Werke, die von uns erstellt und ver\u00f6ffentlicht wurden, gelten als intellektuelles Eigentum der DAERO Business Software GmbH sowie dem Gesch\u00e4ftsf\u00fchrer Thomas Rossmann und unterliegen somit dem deutschen Urheberrecht (zu finden unter: <a href=\"http:\/\/www.gesetze-im-internet.de\/bundesrecht\/urhg\/gesamt.pdf\">http:\/\/www.gesetze-im-internet.de\/bundesrecht\/urhg\/gesamt.pdf<\/a>). Die Vervielf\u00e4ltigung, Bearbeitung, Verbreitung und jede Art der Verwertung des intellektuellen Eigentums in ideeller und materieller Sicht des Urhebers au\u00dferhalb der Grenzen des Urheberrechtes bed\u00fcrfen der vorherigen schriftlichen Zustimmung des jeweiligen Urhebers i.S.d. Urhebergesetzes (<a href=\"http:\/\/www.gesetze-im-internet.de\/bundesrecht\/urhg\/gesamt.pdf\">Link zum URHG<\/a>). Eine Erlaubnis zum Download und Kopieren dieser Seite existiert nur f\u00fcr den privaten und nicht kommerziellen Gebrauch. Sind auf unserer Webseite Inhalte zu finden, die nicht von uns erstellt wurden, so sind die Urheberrechte Dritter, also dem Urheber des Inhalts, zu beachten. Die Inhalte Dritter werden als solche kenntlich gemacht und sofern n\u00f6tig namentlich gekennzeichnet. Sollte Ihnen dennoch eine Urheberrechtsverletzung auffallen, so bitten wir Sie um einen entsprechenden Hinweis. Sollten uns derartige Rechtsverletzungen bekannt werden, so sehen wir es als unsere Verplichtung an, diese Inhalte unverz\u00fcglich zu entfernen.<\/p>\n","protected":false},"excerpt":{"rendered":"<p>Angaben gem. \u00a7 5 TMG: Rossmann, Thomas DAERO GmbH Business Software Beim Wendelstein 11b 85238 Petershausen Kontaktaufnahme: Telefon: +49(0)8137 \/ 996 2273 E-Mail: tr@daero.de (alt.: mk@kemanc.de) Umsatzsteuer-Identifikationsnummer gem. \u00a7 27 a Umsatzsteuergesetz: DE 813 897 541 Handelsregistereintrag: Amtsgericht M\u00fcnchen HRB 150966 Haftungsausschluss: Haftung f\u00fcr Inhalte: F\u00fcr die Richtigkeit, Vollst\u00e4ndigkeit und Aktualit\u00e4t der Inhalte \u00fcbernehmen wir [&hellip;]<\/p>\n","protected":false},"author":1,"featured_media":0,"parent":0,"menu_order":0,"comment_status":"closed","ping_status":"closed","template":"","meta":[],"yst_prominent_words":[19,132,24,14,13,18,22,12,8,10,21,20,23,11,25,26,15,9,17,16],"_links":{"self":[{"href":"https:\/\/www.daero-backup.de\/index.php\/wp-json\/wp\/v2\/pages\/121"}],"collection":[{"href":"https:\/\/www.daero-backup.de\/index.php\/wp-json\/wp\/v2\/pages"}],"about":[{"href":"https:\/\/www.daero-backup.de\/index.php\/wp-json\/wp\/v2\/types\/page"}],"author":[{"embeddable":true,"href":"https:\/\/www.daero-backup.de\/index.php\/wp-json\/wp\/v2\/users\/1"}],"replies":[{"embeddable":true,"href":"https:\/\/www.daero-backup.de\/index.php\/wp-json\/wp\/v2\/comments?post=121"}],"version-history":[{"count":7,"href":"https:\/\/www.daero-backup.de\/index.php\/wp-json\/wp\/v2\/pages\/121\/revisions"}],"predecessor-version":[{"id":375,"href":"https:\/\/www.daero-backup.de\/index.php\/wp-json\/wp\/v2\/pages\/121\/revisions\/375"}],"wp:attachment":[{"href":"https:\/\/www.daero-backup.de\/index.php\/wp-json\/wp\/v2\/media?parent=121"}],"wp:term":[{"taxonomy":"yst_prominent_words","embeddable":true,"href":"https:\/\/www.daero-backup.de\/index.php\/wp-json\/wp\/v2\/yst_prominent_words?post=121"}],"curies":[{"name":"wp","href":"https:\/\/api.w.org\/{rel}","templated":true}]}}